{"id":956,"date":"2019-04-18T11:08:43","date_gmt":"2019-04-18T11:08:43","guid":{"rendered":"https:\/\/envothemes.com\/envo-ecommerce\/product\/import-placeholder-for-46\/"},"modified":"2026-01-04T15:48:42","modified_gmt":"2026-01-04T13:48:42","slug":"sport-shoes","status":"publish","type":"product","link":"https:\/\/www.stakles.eu\/?product=sport-shoes","title":{"rendered":"Gr\u0119\u017eimo stakl\u0117s \u0160vedi\u0161kos &#8211; IRAM 16"},"content":{"rendered":"<p>Gr\u0119\u017eimo stakl\u0117s \u0160vedi\u0161kos<br \/>\nIRAM 16<br \/>\nHydraulika<br \/>\nTrifazis<br \/>\n4 galvos.<br \/>\nPlotis reguliuojasi 600 mm<\/p>\n<p><iframe title=\"IRAM -16  drilling machine\" width=\"800\" height=\"450\" src=\"https:\/\/www.youtube.com\/embed\/shKyZGIYW6g?feature=oembed\" frameborder=\"0\" allow=\"accelerometer; autoplay; clipboard-write; encrypted-media; gyroscope; picture-in-picture; web-share\" referrerpolicy=\"strict-origin-when-cross-origin\" allowfullscreen><\/iframe><\/p>\n","protected":false},"excerpt":{"rendered":"<p>Gr\u0119\u017eimo stakl\u0117s \u0160vedi\u0161kos<br \/>\nIRAM 16<br \/>\nHydraulika<br \/>\nTrifazis<br \/>\n4 galvos.<br \/>\nPlotis reguliuojasi 600 mm<\/p>\n","protected":false},"featured_media":1840,"comment_status":"open","ping_status":"closed","template":"","meta":[],"product_brand":[],"product_cat":[85],"product_tag":[42,52,53],"class_list":{"0":"post-956","1":"product","2":"type-product","3":"status-publish","4":"has-post-thumbnail","6":"product_cat-stakles-irengimai-stakles-irengimai","7":"product_tag-grezimo","8":"product_tag-iram-16","9":"product_tag-stakles","11":"first","12":"instock","13":"shipping-taxable","14":"purchasable","15":"product-type-simple","16":"add-to-wishlist-after_add_to_cart"},"_links":{"self":[{"href":"https:\/\/www.stakles.eu\/index.php?rest_route=\/wp\/v2\/product\/956","targetHints":{"allow":["GET"]}}],"collection":[{"href":"https:\/\/www.stakles.eu\/index.php?rest_route=\/wp\/v2\/product"}],"about":[{"href":"https:\/\/www.stakles.eu\/index.php?rest_route=\/wp\/v2\/types\/product"}],"replies":[{"embeddable":true,"href":"https:\/\/www.stakles.eu\/index.php?rest_route=%2Fwp%2Fv2%2Fcomments&post=956"}],"wp:featuredmedia":[{"embeddable":true,"href":"https:\/\/www.stakles.eu\/index.php?rest_route=\/wp\/v2\/media\/1840"}],"wp:attachment":[{"href":"https:\/\/www.stakles.eu\/index.php?rest_route=%2Fwp%2Fv2%2Fmedia&parent=956"}],"wp:term":[{"taxonomy":"product_brand","embeddable":true,"href":"https:\/\/www.stakles.eu\/index.php?rest_route=%2Fwp%2Fv2%2Fproduct_brand&post=956"},{"taxonomy":"product_cat","embeddable":true,"href":"https:\/\/www.stakles.eu\/index.php?rest_route=%2Fwp%2Fv2%2Fproduct_cat&post=956"},{"taxonomy":"product_tag","embeddable":true,"href":"https:\/\/www.stakles.eu\/index.php?rest_route=%2Fwp%2Fv2%2Fproduct_tag&post=956"}],"curies":[{"name":"wp","href":"https:\/\/api.w.org\/{rel}","templated":true}]}}