{"id":914,"date":"2019-04-18T11:08:42","date_gmt":"2019-04-18T11:08:42","guid":{"rendered":"https:\/\/envothemes.com\/envo-ecommerce\/product\/import-placeholder-for-38\/"},"modified":"2026-01-04T15:54:40","modified_gmt":"2026-01-04T13:54:40","slug":"oldies","status":"publish","type":"product","link":"https:\/\/www.stakles.eu\/?product=oldies","title":{"rendered":"Kaloriferis Airco4"},"content":{"rendered":"<p>Kaloriferis \u0161vedi\u0161kas<\/p>\n<p>Naujo kaina 4000 eur.<\/p>\n<p>Kar\u0161tas vanduo pasiduoda \u012f aparat\u0105<\/p>\n<p>Trifazis variklis 1,5 kw<\/p>\n<p>50 kw \u0161ildymo efektas<\/p>\n<p>4000 m3\/val oro srautas<\/p>\n<p>Yra laikmatis, fazi\u0173 keitiklis, filtras<\/p>\n","protected":false},"excerpt":{"rendered":"<p>kaloriferis , kar\u0161to vandens \u0161ilum\u0105 p\u016bsti \u012f patalpas.<\/p>\n<p>Airco 4 \u0161vedi\u0161kas<\/p>\n","protected":false},"featured_media":1988,"comment_status":"open","ping_status":"closed","template":"","meta":[],"product_brand":[],"product_cat":[85],"product_tag":[111,63,112,64],"class_list":{"0":"post-914","1":"product","2":"type-product","3":"status-publish","4":"has-post-thumbnail","6":"product_cat-stakles-irengimai-stakles-irengimai","7":"product_tag-airco","8":"product_tag-kaloriferis","9":"product_tag-patalpu-sildymas","10":"product_tag-sildymas","12":"first","13":"instock","14":"shipping-taxable","15":"purchasable","16":"product-type-simple","17":"add-to-wishlist-after_add_to_cart"},"_links":{"self":[{"href":"https:\/\/www.stakles.eu\/index.php?rest_route=\/wp\/v2\/product\/914","targetHints":{"allow":["GET"]}}],"collection":[{"href":"https:\/\/www.stakles.eu\/index.php?rest_route=\/wp\/v2\/product"}],"about":[{"href":"https:\/\/www.stakles.eu\/index.php?rest_route=\/wp\/v2\/types\/product"}],"replies":[{"embeddable":true,"href":"https:\/\/www.stakles.eu\/index.php?rest_route=%2Fwp%2Fv2%2Fcomments&post=914"}],"wp:featuredmedia":[{"embeddable":true,"href":"https:\/\/www.stakles.eu\/index.php?rest_route=\/wp\/v2\/media\/1988"}],"wp:attachment":[{"href":"https:\/\/www.stakles.eu\/index.php?rest_route=%2Fwp%2Fv2%2Fmedia&parent=914"}],"wp:term":[{"taxonomy":"product_brand","embeddable":true,"href":"https:\/\/www.stakles.eu\/index.php?rest_route=%2Fwp%2Fv2%2Fproduct_brand&post=914"},{"taxonomy":"product_cat","embeddable":true,"href":"https:\/\/www.stakles.eu\/index.php?rest_route=%2Fwp%2Fv2%2Fproduct_cat&post=914"},{"taxonomy":"product_tag","embeddable":true,"href":"https:\/\/www.stakles.eu\/index.php?rest_route=%2Fwp%2Fv2%2Fproduct_tag&post=914"}],"curies":[{"name":"wp","href":"https:\/\/api.w.org\/{rel}","templated":true}]}}