{"id":2409,"date":"2026-01-08T16:22:34","date_gmt":"2026-01-08T14:22:34","guid":{"rendered":"https:\/\/www.stakles.eu\/?post_type=product&#038;p=2409"},"modified":"2026-01-08T17:32:44","modified_gmt":"2026-01-08T15:32:44","slug":"hempel-ih-25-automatines-mediniu-detaliu-tekinimo-stakles","status":"publish","type":"product","link":"https:\/\/www.stakles.eu\/?product=hempel-ih-25-automatines-mediniu-detaliu-tekinimo-stakles","title":{"rendered":"Hempel IH 25, automatin\u0117s medini\u0173 detali\u0173 tekinimo stakl\u0117s"},"content":{"rendered":"<p>Hempel IH 25, automatin\u0117s medini\u0173 detali\u0173 tekinimo stakl\u0117s<\/p>\n","protected":false},"excerpt":{"rendered":"<p>Hempel IH 25, automatin\u0117s medini\u0173 detali\u0173 tekinimo stakl\u0117s<\/p>\n","protected":false},"featured_media":2412,"comment_status":"open","ping_status":"closed","template":"","meta":[],"product_brand":[],"product_cat":[85],"product_tag":[90,138,139,132],"class_list":{"0":"post-2409","1":"product","2":"type-product","3":"status-publish","4":"has-post-thumbnail","6":"product_cat-stakles-irengimai-stakles-irengimai","7":"product_tag-hempel","8":"product_tag-hempel-ih25","9":"product_tag-ih-25","10":"product_tag-tekinimo","12":"first","13":"instock","14":"shipping-taxable","15":"purchasable","16":"product-type-simple","17":"add-to-wishlist-after_add_to_cart"},"_links":{"self":[{"href":"https:\/\/www.stakles.eu\/index.php?rest_route=\/wp\/v2\/product\/2409","targetHints":{"allow":["GET"]}}],"collection":[{"href":"https:\/\/www.stakles.eu\/index.php?rest_route=\/wp\/v2\/product"}],"about":[{"href":"https:\/\/www.stakles.eu\/index.php?rest_route=\/wp\/v2\/types\/product"}],"replies":[{"embeddable":true,"href":"https:\/\/www.stakles.eu\/index.php?rest_route=%2Fwp%2Fv2%2Fcomments&post=2409"}],"wp:featuredmedia":[{"embeddable":true,"href":"https:\/\/www.stakles.eu\/index.php?rest_route=\/wp\/v2\/media\/2412"}],"wp:attachment":[{"href":"https:\/\/www.stakles.eu\/index.php?rest_route=%2Fwp%2Fv2%2Fmedia&parent=2409"}],"wp:term":[{"taxonomy":"product_brand","embeddable":true,"href":"https:\/\/www.stakles.eu\/index.php?rest_route=%2Fwp%2Fv2%2Fproduct_brand&post=2409"},{"taxonomy":"product_cat","embeddable":true,"href":"https:\/\/www.stakles.eu\/index.php?rest_route=%2Fwp%2Fv2%2Fproduct_cat&post=2409"},{"taxonomy":"product_tag","embeddable":true,"href":"https:\/\/www.stakles.eu\/index.php?rest_route=%2Fwp%2Fv2%2Fproduct_tag&post=2409"}],"curies":[{"name":"wp","href":"https:\/\/api.w.org\/{rel}","templated":true}]}}