{"id":2401,"date":"2026-01-04T17:17:43","date_gmt":"2026-01-04T15:17:43","guid":{"rendered":"https:\/\/www.stakles.eu\/?post_type=product&#038;p=2401"},"modified":"2026-01-04T17:17:43","modified_gmt":"2026-01-04T15:17:43","slug":"keturpuses-weinig-180-mm","status":"publish","type":"product","link":"https:\/\/www.stakles.eu\/?product=keturpuses-weinig-180-mm","title":{"rendered":"Keturpus\u0117s Weinig 180 mm"},"content":{"rendered":"<p>Keturpus\u0117s obliavimo stakl\u0117s Weinig<\/p>\n<p>plotis 180 mm<\/p>\n<p>naujai nu\u0161lifuoti stalai<\/p>\n<p>5 galvos<\/p>\n","protected":false},"excerpt":{"rendered":"<p>Keturpus\u0117s obliavimo stakl\u0117s Weinig<\/p>\n<p>plotis 180 mm<\/p>\n<p>naujai nu\u0161lifuoti stalai<\/p>\n<p>5 galvos<\/p>\n","protected":false},"featured_media":0,"comment_status":"open","ping_status":"closed","template":"","meta":[],"product_brand":[],"product_cat":[85],"product_tag":[137,136,135],"class_list":{"0":"post-2401","1":"product","2":"type-product","3":"status-publish","5":"product_cat-stakles-irengimai-stakles-irengimai","6":"product_tag-keturpuses","7":"product_tag-obliavimo","8":"product_tag-weinig","10":"first","11":"instock","12":"shipping-taxable","13":"purchasable","14":"product-type-simple","15":"add-to-wishlist-after_add_to_cart"},"_links":{"self":[{"href":"https:\/\/www.stakles.eu\/index.php?rest_route=\/wp\/v2\/product\/2401","targetHints":{"allow":["GET"]}}],"collection":[{"href":"https:\/\/www.stakles.eu\/index.php?rest_route=\/wp\/v2\/product"}],"about":[{"href":"https:\/\/www.stakles.eu\/index.php?rest_route=\/wp\/v2\/types\/product"}],"replies":[{"embeddable":true,"href":"https:\/\/www.stakles.eu\/index.php?rest_route=%2Fwp%2Fv2%2Fcomments&post=2401"}],"wp:attachment":[{"href":"https:\/\/www.stakles.eu\/index.php?rest_route=%2Fwp%2Fv2%2Fmedia&parent=2401"}],"wp:term":[{"taxonomy":"product_brand","embeddable":true,"href":"https:\/\/www.stakles.eu\/index.php?rest_route=%2Fwp%2Fv2%2Fproduct_brand&post=2401"},{"taxonomy":"product_cat","embeddable":true,"href":"https:\/\/www.stakles.eu\/index.php?rest_route=%2Fwp%2Fv2%2Fproduct_cat&post=2401"},{"taxonomy":"product_tag","embeddable":true,"href":"https:\/\/www.stakles.eu\/index.php?rest_route=%2Fwp%2Fv2%2Fproduct_tag&post=2401"}],"curies":[{"name":"wp","href":"https:\/\/api.w.org\/{rel}","templated":true}]}}