{"id":2398,"date":"2026-01-04T17:07:02","date_gmt":"2026-01-04T15:07:02","guid":{"rendered":"https:\/\/www.stakles.eu\/?post_type=product&#038;p=2398"},"modified":"2026-01-04T17:07:02","modified_gmt":"2026-01-04T15:07:02","slug":"frezavimo-stakliu-varikliai-ilgomis-asimis","status":"publish","type":"product","link":"https:\/\/www.stakles.eu\/?product=frezavimo-stakliu-varikliai-ilgomis-asimis","title":{"rendered":"Frezavimo stakli\u0173 varikliai ilgomis a\u0161imis"},"content":{"rendered":"<p>Frezavimo stakli\u0173 varikliai ilgomis a\u0161imis<\/p>\n<p>Trifaziai<\/p>\n","protected":false},"excerpt":{"rendered":"<p>Frezavimo stakli\u0173 varikliai ilgomis a\u0161imis<\/p>\n<p>Trifaziai<\/p>\n","protected":false},"featured_media":2305,"comment_status":"open","ping_status":"closed","template":"","meta":[],"product_brand":[],"product_cat":[85],"product_tag":[56,53,110,127],"class_list":{"0":"post-2398","1":"product","2":"type-product","3":"status-publish","4":"has-post-thumbnail","6":"product_cat-stakles-irengimai-stakles-irengimai","7":"product_tag-frezavimo","8":"product_tag-stakles","9":"product_tag-trifazis","10":"product_tag-variklis","12":"first","13":"instock","14":"shipping-taxable","15":"purchasable","16":"product-type-simple","17":"add-to-wishlist-after_add_to_cart"},"_links":{"self":[{"href":"https:\/\/www.stakles.eu\/index.php?rest_route=\/wp\/v2\/product\/2398","targetHints":{"allow":["GET"]}}],"collection":[{"href":"https:\/\/www.stakles.eu\/index.php?rest_route=\/wp\/v2\/product"}],"about":[{"href":"https:\/\/www.stakles.eu\/index.php?rest_route=\/wp\/v2\/types\/product"}],"replies":[{"embeddable":true,"href":"https:\/\/www.stakles.eu\/index.php?rest_route=%2Fwp%2Fv2%2Fcomments&post=2398"}],"wp:featuredmedia":[{"embeddable":true,"href":"https:\/\/www.stakles.eu\/index.php?rest_route=\/wp\/v2\/media\/2305"}],"wp:attachment":[{"href":"https:\/\/www.stakles.eu\/index.php?rest_route=%2Fwp%2Fv2%2Fmedia&parent=2398"}],"wp:term":[{"taxonomy":"product_brand","embeddable":true,"href":"https:\/\/www.stakles.eu\/index.php?rest_route=%2Fwp%2Fv2%2Fproduct_brand&post=2398"},{"taxonomy":"product_cat","embeddable":true,"href":"https:\/\/www.stakles.eu\/index.php?rest_route=%2Fwp%2Fv2%2Fproduct_cat&post=2398"},{"taxonomy":"product_tag","embeddable":true,"href":"https:\/\/www.stakles.eu\/index.php?rest_route=%2Fwp%2Fv2%2Fproduct_tag&post=2398"}],"curies":[{"name":"wp","href":"https:\/\/api.w.org\/{rel}","templated":true}]}}