{"id":2397,"date":"2026-01-04T17:04:24","date_gmt":"2026-01-04T15:04:24","guid":{"rendered":"https:\/\/www.stakles.eu\/?post_type=product&#038;p=2397"},"modified":"2026-01-04T17:21:29","modified_gmt":"2026-01-04T15:21:29","slug":"cnc-stakliu-grezimo-ir-sriegimo-lankstymo-agregatai-siemens-valdikliai","status":"publish","type":"product","link":"https:\/\/www.stakles.eu\/?product=cnc-stakliu-grezimo-ir-sriegimo-lankstymo-agregatai-siemens-valdikliai","title":{"rendered":"CNC stakli\u0173 gr\u0119\u017eimo ir sriegimo, lankstymo agregatai. Siemens valdikliai"},"content":{"rendered":"<p>CNC stakli\u0173 gr\u0119\u017eimo ir sriegimo, lankstymo agregatai. Siemens valdikliai<\/p>\n<p>4 vnt gr\u0119\u017eimo<\/p>\n<p>1 vnt sriegimo<\/p>\n<p>Su tepaliniais amortizatoriais<\/p>\n<p>Siemens valdikliai<\/p>\n<p>CNC Keturkampi\u0173 ir apvali\u0173 detali\u0173 lankstymo stakl\u0117s<\/p>\n<p>pneumo cilindrai, Siemens valdiklis<\/p>\n<p>Stakl\u0117s dar nei\u0161ardytos, galima pabandyti, kaip veikia<\/p>\n<p><iframe title=\"Trumma och fyrkant bocking maskin\" width=\"800\" height=\"450\" src=\"https:\/\/www.youtube.com\/embed\/ZUtOBUx0SuE?feature=oembed\" frameborder=\"0\" allow=\"accelerometer; autoplay; clipboard-write; encrypted-media; gyroscope; picture-in-picture; web-share\" referrerpolicy=\"strict-origin-when-cross-origin\" allowfullscreen><\/iframe><\/p>\n","protected":false},"excerpt":{"rendered":"<p>CNC stakli\u0173 gr\u0119\u017eimo ir sriegimo , lankstymo agregatai.<\/p>\n<p>4 vnt gr\u0119\u017eimo<\/p>\n<p>1 vnt sriegimo<\/p>\n<p>Su tepaliniais amortizatoriais<\/p>\n<p>CNC Keturkampi\u0173 ir apvali\u0173 detali\u0173 lankstymo stakl\u0117s<\/p>\n<p>Siemens valdiklis<\/p>\n","protected":false},"featured_media":2389,"comment_status":"open","ping_status":"closed","template":"","meta":[],"product_brand":[],"product_cat":[85],"product_tag":[125,123,42,124,126],"class_list":{"0":"post-2397","1":"product","2":"type-product","3":"status-publish","4":"has-post-thumbnail","6":"product_cat-stakles-irengimai-stakles-irengimai","7":"product_tag-agregatai-siemens","8":"product_tag-cnc-stakliu","9":"product_tag-grezimo","10":"product_tag-sriegimo","11":"product_tag-valdiklis","13":"first","14":"instock","15":"shipping-taxable","16":"purchasable","17":"product-type-simple","18":"add-to-wishlist-after_add_to_cart"},"_links":{"self":[{"href":"https:\/\/www.stakles.eu\/index.php?rest_route=\/wp\/v2\/product\/2397","targetHints":{"allow":["GET"]}}],"collection":[{"href":"https:\/\/www.stakles.eu\/index.php?rest_route=\/wp\/v2\/product"}],"about":[{"href":"https:\/\/www.stakles.eu\/index.php?rest_route=\/wp\/v2\/types\/product"}],"replies":[{"embeddable":true,"href":"https:\/\/www.stakles.eu\/index.php?rest_route=%2Fwp%2Fv2%2Fcomments&post=2397"}],"wp:featuredmedia":[{"embeddable":true,"href":"https:\/\/www.stakles.eu\/index.php?rest_route=\/wp\/v2\/media\/2389"}],"wp:attachment":[{"href":"https:\/\/www.stakles.eu\/index.php?rest_route=%2Fwp%2Fv2%2Fmedia&parent=2397"}],"wp:term":[{"taxonomy":"product_brand","embeddable":true,"href":"https:\/\/www.stakles.eu\/index.php?rest_route=%2Fwp%2Fv2%2Fproduct_brand&post=2397"},{"taxonomy":"product_cat","embeddable":true,"href":"https:\/\/www.stakles.eu\/index.php?rest_route=%2Fwp%2Fv2%2Fproduct_cat&post=2397"},{"taxonomy":"product_tag","embeddable":true,"href":"https:\/\/www.stakles.eu\/index.php?rest_route=%2Fwp%2Fv2%2Fproduct_tag&post=2397"}],"curies":[{"name":"wp","href":"https:\/\/api.w.org\/{rel}","templated":true}]}}