{"id":2395,"date":"2026-01-04T16:53:18","date_gmt":"2026-01-04T14:53:18","guid":{"rendered":"https:\/\/www.stakles.eu\/?post_type=product&#038;p=2395"},"modified":"2026-01-04T16:53:18","modified_gmt":"2026-01-04T14:53:18","slug":"kompresoriu-kondensato-surinkimo-ir-filtravimo-filtrai","status":"publish","type":"product","link":"https:\/\/www.stakles.eu\/?product=kompresoriu-kondensato-surinkimo-ir-filtravimo-filtrai","title":{"rendered":"Kompresori\u0173 kondensato surinkimo ir filtravimo filtrai"},"content":{"rendered":"<p>Kompresori\u0173 kondensato surinkimo ir filtravimo filtrai<\/p>\n<p>Surenka i\u0161 kompresori\u0173 resyveri\u0173 kondensat\u0105 su tepalu ir perfiltruoja<\/p>\n<p>2 vnt skirting\u0173 gamintoj\u0173 filtr\u0173 korpusai su 10 vnt atsargini\u0173 kei\u010diam\u0173 filtr\u0173<\/p>\n<p>Da\u017eniausiai naudojama su didesnio galingumo kompresoriais<\/p>\n","protected":false},"excerpt":{"rendered":"<p>Kompresori\u0173 kondensato surinkimo ir filtravimo filtrai<\/p>\n<p>Surenka i\u0161 kompresori\u0173 resyveri\u0173 kondensat\u0105 su tepalu ir perfiltruoja<\/p>\n","protected":false},"featured_media":2310,"comment_status":"open","ping_status":"closed","template":"","meta":[],"product_brand":[],"product_cat":[85],"product_tag":[72,73,74,122],"class_list":{"0":"post-2395","1":"product","2":"type-product","3":"status-publish","4":"has-post-thumbnail","6":"product_cat-stakles-irengimai-stakles-irengimai","7":"product_tag-filtras","8":"product_tag-kompresorius","9":"product_tag-kondensato","10":"product_tag-sraigtinis","12":"first","13":"instock","14":"shipping-taxable","15":"purchasable","16":"product-type-simple","17":"add-to-wishlist-after_add_to_cart"},"_links":{"self":[{"href":"https:\/\/www.stakles.eu\/index.php?rest_route=\/wp\/v2\/product\/2395","targetHints":{"allow":["GET"]}}],"collection":[{"href":"https:\/\/www.stakles.eu\/index.php?rest_route=\/wp\/v2\/product"}],"about":[{"href":"https:\/\/www.stakles.eu\/index.php?rest_route=\/wp\/v2\/types\/product"}],"replies":[{"embeddable":true,"href":"https:\/\/www.stakles.eu\/index.php?rest_route=%2Fwp%2Fv2%2Fcomments&post=2395"}],"wp:featuredmedia":[{"embeddable":true,"href":"https:\/\/www.stakles.eu\/index.php?rest_route=\/wp\/v2\/media\/2310"}],"wp:attachment":[{"href":"https:\/\/www.stakles.eu\/index.php?rest_route=%2Fwp%2Fv2%2Fmedia&parent=2395"}],"wp:term":[{"taxonomy":"product_brand","embeddable":true,"href":"https:\/\/www.stakles.eu\/index.php?rest_route=%2Fwp%2Fv2%2Fproduct_brand&post=2395"},{"taxonomy":"product_cat","embeddable":true,"href":"https:\/\/www.stakles.eu\/index.php?rest_route=%2Fwp%2Fv2%2Fproduct_cat&post=2395"},{"taxonomy":"product_tag","embeddable":true,"href":"https:\/\/www.stakles.eu\/index.php?rest_route=%2Fwp%2Fv2%2Fproduct_tag&post=2395"}],"curies":[{"name":"wp","href":"https:\/\/api.w.org\/{rel}","templated":true}]}}