{"id":2394,"date":"2026-01-04T16:41:34","date_gmt":"2026-01-04T14:41:34","guid":{"rendered":"https:\/\/www.stakles.eu\/?post_type=product&#038;p=2394"},"modified":"2026-01-04T16:44:04","modified_gmt":"2026-01-04T14:44:04","slug":"ardomos-dalimis-cnc-ir-kitos-ivairios-stakles","status":"publish","type":"product","link":"https:\/\/www.stakles.eu\/?product=ardomos-dalimis-cnc-ir-kitos-ivairios-stakles","title":{"rendered":"Ardomos dalimis CNC ir kitos \u012fvairios stakl\u0117s"},"content":{"rendered":"<p>Nutraukta gamyba, tod\u0117l ardau ir parduodu dalimis stakles.<\/p>\n<p>CNC gr\u0119\u017eimo, sriegimo agregatai.<\/p>\n<p>Siemens valdikliai.<\/p>\n<p>Kontaktoriai,<\/p>\n<p>oro sistemos valdikliai, skirstytuvai.<\/p>\n<p>R\u0117mai,<\/p>\n<p>da\u017enio keitiklis seno tipo.<\/p>\n<p>Oro , tepalo cilindrai.<\/p>\n<p>Varikliai Ir \u012fvairi kita \u012franga<\/p>\n<p>Sunkve\u017eimiu pakrovimo rampos 2 vnt. Su valdymo d\u0117\u017e\u0117mis ir hydraulin\u0117mis stotel\u0117mis.<\/p>\n<p>Metalo pjovimo stakl\u0117s<\/p>\n<p>Abiej\u0173 stryp\u0173 gal\u0173 apdirbimo stakl\u0117s.<\/p>\n<p>stakl\u0117s komplekte arba dalimis<\/p>\n","protected":false},"excerpt":{"rendered":"<p>Nutraukta gamyba, tod\u0117l ardau ir parduodu dalimis stakles. CNC gr\u0119\u017eimo, sriegimo agregatai. Siemens valdikliai. Kontaktoriai, oro sistemos valdikliai, skistytuvai. R\u0117mai, da\u017enio keitiklis seno tipo. Oro , tepalo cilindrai. Varikliai Ir \u012fvairi kita \u012franga Sunkve\u017eimiu pakrovimo rampos 2 vnt. Su valdymo d\u0117\u017e\u0117mis ir hydraulin\u0117mis stotel\u0117mis. Metalo pjovimo stakl\u0117s Abiej\u0173 stryp\u0173 gal\u0173 apdirbimo stakl\u0117s. stakl\u0117s komplekte arba dalimis<\/p>\n","protected":false},"featured_media":2373,"comment_status":"open","ping_status":"closed","template":"","meta":[],"product_brand":[],"product_cat":[85],"product_tag":[119,120,121,95,53],"class_list":{"0":"post-2394","1":"product","2":"type-product","3":"status-publish","4":"has-post-thumbnail","6":"product_cat-stakles-irengimai-stakles-irengimai","7":"product_tag-ardomos","8":"product_tag-dalimis","9":"product_tag-medzio","10":"product_tag-metalo","11":"product_tag-stakles","13":"first","14":"instock","15":"shipping-taxable","16":"purchasable","17":"product-type-simple","18":"add-to-wishlist-after_add_to_cart"},"_links":{"self":[{"href":"https:\/\/www.stakles.eu\/index.php?rest_route=\/wp\/v2\/product\/2394","targetHints":{"allow":["GET"]}}],"collection":[{"href":"https:\/\/www.stakles.eu\/index.php?rest_route=\/wp\/v2\/product"}],"about":[{"href":"https:\/\/www.stakles.eu\/index.php?rest_route=\/wp\/v2\/types\/product"}],"replies":[{"embeddable":true,"href":"https:\/\/www.stakles.eu\/index.php?rest_route=%2Fwp%2Fv2%2Fcomments&post=2394"}],"wp:featuredmedia":[{"embeddable":true,"href":"https:\/\/www.stakles.eu\/index.php?rest_route=\/wp\/v2\/media\/2373"}],"wp:attachment":[{"href":"https:\/\/www.stakles.eu\/index.php?rest_route=%2Fwp%2Fv2%2Fmedia&parent=2394"}],"wp:term":[{"taxonomy":"product_brand","embeddable":true,"href":"https:\/\/www.stakles.eu\/index.php?rest_route=%2Fwp%2Fv2%2Fproduct_brand&post=2394"},{"taxonomy":"product_cat","embeddable":true,"href":"https:\/\/www.stakles.eu\/index.php?rest_route=%2Fwp%2Fv2%2Fproduct_cat&post=2394"},{"taxonomy":"product_tag","embeddable":true,"href":"https:\/\/www.stakles.eu\/index.php?rest_route=%2Fwp%2Fv2%2Fproduct_tag&post=2394"}],"curies":[{"name":"wp","href":"https:\/\/api.w.org\/{rel}","templated":true}]}}