{"id":2393,"date":"2026-01-04T16:24:59","date_gmt":"2026-01-04T14:24:59","guid":{"rendered":"https:\/\/www.stakles.eu\/?post_type=product&#038;p=2393"},"modified":"2026-01-04T16:45:24","modified_gmt":"2026-01-04T14:45:24","slug":"slifavimo-karuselines-stakles-fell","status":"publish","type":"product","link":"https:\/\/www.stakles.eu\/?product=slifavimo-karuselines-stakles-fell","title":{"rendered":"\u0160lifavimo karus\u0117lin\u0117s stakl\u0117s FELL"},"content":{"rendered":"<p>\u0160lifavimo karus\u0117lin\u0117s stakl\u0117s FELL<\/p>\n<p><iframe title=\"Sanding carousel machine, wooden details. FELL\" width=\"800\" height=\"600\" src=\"https:\/\/www.youtube.com\/embed\/B8CE9kPXyHs?feature=oembed\" frameborder=\"0\" allow=\"accelerometer; autoplay; clipboard-write; encrypted-media; gyroscope; picture-in-picture; web-share\" referrerpolicy=\"strict-origin-when-cross-origin\" allowfullscreen><\/iframe><\/p>\n","protected":false},"excerpt":{"rendered":"<p>\u0160lifavimo karus\u0117lin\u0117s stakl\u0117s FELL<\/p>\n","protected":false},"featured_media":2344,"comment_status":"open","ping_status":"closed","template":"","meta":[],"product_brand":[],"product_cat":[85],"product_tag":[116,115,69,117,79,118],"class_list":{"0":"post-2393","1":"product","2":"type-product","3":"status-publish","4":"has-post-thumbnail","6":"product_cat-stakles-irengimai-stakles-irengimai","7":"product_tag-fell","8":"product_tag-karuselines","9":"product_tag-medienos","10":"product_tag-sanding","11":"product_tag-slifavimo","12":"product_tag-wooden-details","14":"first","15":"instock","16":"shipping-taxable","17":"purchasable","18":"product-type-simple","19":"add-to-wishlist-after_add_to_cart"},"_links":{"self":[{"href":"https:\/\/www.stakles.eu\/index.php?rest_route=\/wp\/v2\/product\/2393","targetHints":{"allow":["GET"]}}],"collection":[{"href":"https:\/\/www.stakles.eu\/index.php?rest_route=\/wp\/v2\/product"}],"about":[{"href":"https:\/\/www.stakles.eu\/index.php?rest_route=\/wp\/v2\/types\/product"}],"replies":[{"embeddable":true,"href":"https:\/\/www.stakles.eu\/index.php?rest_route=%2Fwp%2Fv2%2Fcomments&post=2393"}],"wp:featuredmedia":[{"embeddable":true,"href":"https:\/\/www.stakles.eu\/index.php?rest_route=\/wp\/v2\/media\/2344"}],"wp:attachment":[{"href":"https:\/\/www.stakles.eu\/index.php?rest_route=%2Fwp%2Fv2%2Fmedia&parent=2393"}],"wp:term":[{"taxonomy":"product_brand","embeddable":true,"href":"https:\/\/www.stakles.eu\/index.php?rest_route=%2Fwp%2Fv2%2Fproduct_brand&post=2393"},{"taxonomy":"product_cat","embeddable":true,"href":"https:\/\/www.stakles.eu\/index.php?rest_route=%2Fwp%2Fv2%2Fproduct_cat&post=2393"},{"taxonomy":"product_tag","embeddable":true,"href":"https:\/\/www.stakles.eu\/index.php?rest_route=%2Fwp%2Fv2%2Fproduct_tag&post=2393"}],"curies":[{"name":"wp","href":"https:\/\/api.w.org\/{rel}","templated":true}]}}