{"id":23,"date":"2019-04-18T10:08:43","date_gmt":"2019-04-18T10:08:43","guid":{"rendered":"https:\/\/envothemes.com\/envo-ecommerce\/product\/import-placeholder-for-60\/"},"modified":"2026-01-04T16:43:06","modified_gmt":"2026-01-04T14:43:06","slug":"top-pants-upper","status":"publish","type":"product","link":"https:\/\/www.stakles.eu\/?product=top-pants-upper","title":{"rendered":"Keturpus\u0117s obliavimo 6 galv\u0173 stakl\u0117s.Gabbiani"},"content":{"rendered":"<p>Keturpus\u0117s obliavimo stakl\u0117s.<\/p>\n<p>6 galv\u0173<\/p>\n<p>Gabbiani<\/p>\n<p>120 mm plo\u010dio, kompakti\u0161kos<\/p>\n<p>Ma\u017eai naudotos<\/p>\n","protected":false},"excerpt":{"rendered":"<p>Keturpus\u0117s obliavimo 6 galv\u0173 stakl\u0117s.<\/p>\n<p>Gabbiani<\/p>\n<p>120 mm plo\u010dio, kompakti\u0161kos<\/p>\n<p>Ma\u017eai naudotos<\/p>\n","protected":false},"featured_media":1649,"comment_status":"open","ping_status":"closed","template":"","meta":[],"product_brand":[],"product_cat":[85],"product_tag":[],"class_list":{"0":"post-23","1":"product","2":"type-product","3":"status-publish","4":"has-post-thumbnail","6":"product_cat-stakles-irengimai-stakles-irengimai","8":"first","9":"instock","10":"featured","11":"shipping-taxable","12":"purchasable","13":"product-type-simple","14":"add-to-wishlist-after_add_to_cart"},"_links":{"self":[{"href":"https:\/\/www.stakles.eu\/index.php?rest_route=\/wp\/v2\/product\/23","targetHints":{"allow":["GET"]}}],"collection":[{"href":"https:\/\/www.stakles.eu\/index.php?rest_route=\/wp\/v2\/product"}],"about":[{"href":"https:\/\/www.stakles.eu\/index.php?rest_route=\/wp\/v2\/types\/product"}],"replies":[{"embeddable":true,"href":"https:\/\/www.stakles.eu\/index.php?rest_route=%2Fwp%2Fv2%2Fcomments&post=23"}],"wp:featuredmedia":[{"embeddable":true,"href":"https:\/\/www.stakles.eu\/index.php?rest_route=\/wp\/v2\/media\/1649"}],"wp:attachment":[{"href":"https:\/\/www.stakles.eu\/index.php?rest_route=%2Fwp%2Fv2%2Fmedia&parent=23"}],"wp:term":[{"taxonomy":"product_brand","embeddable":true,"href":"https:\/\/www.stakles.eu\/index.php?rest_route=%2Fwp%2Fv2%2Fproduct_brand&post=23"},{"taxonomy":"product_cat","embeddable":true,"href":"https:\/\/www.stakles.eu\/index.php?rest_route=%2Fwp%2Fv2%2Fproduct_cat&post=23"},{"taxonomy":"product_tag","embeddable":true,"href":"https:\/\/www.stakles.eu\/index.php?rest_route=%2Fwp%2Fv2%2Fproduct_tag&post=23"}],"curies":[{"name":"wp","href":"https:\/\/api.w.org\/{rel}","templated":true}]}}