{"id":22,"date":"2019-04-18T11:08:43","date_gmt":"2019-04-18T11:08:43","guid":{"rendered":"https:\/\/envothemes.com\/envo-ecommerce\/product\/import-placeholder-for-59\/"},"modified":"2026-01-03T19:27:03","modified_gmt":"2026-01-03T17:27:03","slug":"bikini","status":"publish","type":"product","link":"https:\/\/www.stakles.eu\/?product=bikini","title":{"rendered":"Sausaini\u0173 formel\u0117s"},"content":{"rendered":"<p><img decoding=\"async\" class=\" wp-image-1280 alignright\" src=\"https:\/\/www.stakles.eu\/wp-content\/uploads\/2025\/08\/3_11zon.jpg\" alt=\"\" width=\"102\" height=\"102\" srcset=\"https:\/\/www.stakles.eu\/wp-content\/uploads\/2025\/08\/3_11zon.jpg 200w, https:\/\/www.stakles.eu\/wp-content\/uploads\/2025\/08\/3_11zon-100x100.jpg 100w, https:\/\/www.stakles.eu\/wp-content\/uploads\/2025\/08\/3_11zon-150x150.jpg 150w\" sizes=\"(max-width: 102px) 100vw, 102px\" \/> <img decoding=\"async\" class=\" wp-image-1279 alignright\" src=\"https:\/\/www.stakles.eu\/wp-content\/uploads\/2025\/08\/2_11zon.jpg\" alt=\"\" width=\"101\" height=\"101\" srcset=\"https:\/\/www.stakles.eu\/wp-content\/uploads\/2025\/08\/2_11zon.jpg 200w, https:\/\/www.stakles.eu\/wp-content\/uploads\/2025\/08\/2_11zon-100x100.jpg 100w, https:\/\/www.stakles.eu\/wp-content\/uploads\/2025\/08\/2_11zon-150x150.jpg 150w\" sizes=\"(max-width: 101px) 100vw, 101px\" \/><\/p>\n<p><img decoding=\"async\" class=\"alignright wp-image-1278\" src=\"https:\/\/www.stakles.eu\/wp-content\/uploads\/2025\/08\/1_11zon.jpg\" alt=\"Sausainiu, formel\u0117s. kepimo, meduoliai,\" width=\"97\" height=\"97\" srcset=\"https:\/\/www.stakles.eu\/wp-content\/uploads\/2025\/08\/1_11zon.jpg 200w, https:\/\/www.stakles.eu\/wp-content\/uploads\/2025\/08\/1_11zon-100x100.jpg 100w, https:\/\/www.stakles.eu\/wp-content\/uploads\/2025\/08\/1_11zon-150x150.jpg 150w\" sizes=\"(max-width: 97px) 100vw, 97px\" \/><\/p>\n<p>Sausaini\u0173 formel\u0117s pagamintos i\u0161 kokybi\u0161ko 0,4 mm \u0161vedi\u0161ko ner\u016bdijan\u010dio plieno.<\/p>\n<p>A\u0161tri briauna i\u0161liks vis\u0105 formel\u0117s tarnavimo laik\u0105.<\/p>\n<p>\u0160i ner\u016bdijan\u010dio plieno sausaini\u0173 forma pravers kiekvienam, kuris m\u0117gsta kepti.<\/p>\n<p>Kvapn\u016bs, tra\u0161k\u016bs ir labai skan\u016bs, jaukaus \u0161venti\u0161ko skonio meduoliukai &#8211; sausainukai, o juos kepant nuostabiai u\u017ekvimpa visi namai!<\/p>\n<p>Imbiero kiek\u012f galite koreguoti pagal savo skon\u012f, nes autenti\u0161kuose \u0161vedi\u0161kuose Pepparkakor jis tikrai jau\u010diasi, bet jeigu norite \u0161velnesnio skonio, dr\u0105siai prisitaikykite pagal save.<\/p>\n<p>Beje, originaliai Pepparkakor sausainukams naudojamas melasos sirupas, bet su lietuvi\u0161ku medumi jie gaunasi tikrai ne prastesni, gal tik \u0161viesen\u0117s spalvos (arba galite naudoti tams\u0173 med\u0173, tada spalva irgi bus tamsesn\u0117).<\/p>\n<p><strong>Vienas i\u0161 recept\u0173<\/strong><\/p>\n<p><strong>INGREDIENTAI<\/strong><\/p>\n<ul>\n<li><a href=\"https:\/\/www.15min.lt\/gyvenimas\/receptai\/ingredientas\/sviestas-20\">Sviestas<\/a>\u00a0<strong>125<\/strong> gr.<\/li>\n<\/ul>\n<p>&nbsp;<\/p>\n<ul>\n<li><a href=\"https:\/\/www.15min.lt\/gyvenimas\/receptai\/ingredientas\/pienas-18\">Pienas<\/a>\u00a0<strong>5<\/strong>\u00a0<strong>valg. \u0161.<\/strong><\/li>\n<\/ul>\n<p>&nbsp;<\/p>\n<ul>\n<li><a href=\"https:\/\/www.15min.lt\/gyvenimas\/receptai\/ingredientas\/medus-24\">Medus<\/a>\u00a0<strong>3<\/strong>\u00a0<strong>valg. \u0161.<\/strong>\u00a0nat\u016bralaus (ar Melasos sirupas)<\/li>\n<li><a href=\"https:\/\/www.15min.lt\/gyvenimas\/receptai\/ingredientas\/miltai-34\">Miltai<\/a>\u00a0<strong>350<\/strong>\u00a0<strong>gr.<\/strong><\/li>\n<\/ul>\n<p>&nbsp;<\/p>\n<ul>\n<li><a href=\"https:\/\/www.15min.lt\/gyvenimas\/receptai\/ingredientas\/rudasis-cukrus-133\">Rudasis cukrus<\/a>\u00a0<strong>200<\/strong>\u00a0<strong>gr.<\/strong><\/li>\n<\/ul>\n<p>&nbsp;<\/p>\n<ul>\n<li><a href=\"https:\/\/www.15min.lt\/gyvenimas\/receptai\/ingredientas\/cinamonas-80\">Cinamonas<\/a>\u00a0<strong>1<\/strong>\u00a0<strong>arbat. \u0161.<\/strong><\/li>\n<\/ul>\n<p>&nbsp;<\/p>\n<ul>\n<li><a href=\"https:\/\/www.15min.lt\/gyvenimas\/receptai\/ingredientas\/imbieras-86\">Imbieras<\/a>\u00a0<strong>1<\/strong>\u00a0<strong>arbat. \u0161.<\/strong>\u00a0malto<\/li>\n<\/ul>\n<p>&nbsp;<\/p>\n<ul>\n<li><a href=\"https:\/\/www.15min.lt\/gyvenimas\/receptai\/ingredientas\/gvazdikeliai-85\">Gvazdik\u0117liai<\/a>\u00a0<strong>1<\/strong>\u00a0<strong>arbat. \u0161.<\/strong>\u00a0malt\u0173<\/li>\n<\/ul>\n<p>&nbsp;<\/p>\n<ul>\n<li><a href=\"https:\/\/www.15min.lt\/gyvenimas\/receptai\/ingredientas\/kardamonas-87\">Kardamonas<\/a>\u00a0<strong>1<\/strong>\u00a0<strong>arbat. \u0161.<\/strong>\u00a00,5 malto<\/li>\n<\/ul>\n<p>&nbsp;<\/p>\n<ul>\n<li><a href=\"https:\/\/www.15min.lt\/gyvenimas\/receptai\/ingredientas\/juodieji-pipirai-157\">Juodieji pipirai<\/a>\u00a0<strong>1<\/strong>\u00a0<strong>arbat. \u0161.<\/strong>\u00a0ketvirtadalis &#8211; malt\u0173<\/li>\n<\/ul>\n<p>&nbsp;<\/p>\n<ul>\n<li><a href=\"https:\/\/www.15min.lt\/gyvenimas\/receptai\/ingredientas\/pipirai-98\">Pipirai<\/a>\u00a0<strong>1<\/strong>\u00a0<strong>arbat. \u0161.<\/strong>\u00a0ketvirtadalis &#8211; kvapni\u0173j\u0173<\/li>\n<\/ul>\n<p>&nbsp;<\/p>\n<ul>\n<li><a href=\"https:\/\/www.15min.lt\/gyvenimas\/receptai\/ingredientas\/kiausiniai-23\">Kiau\u0161iniai<\/a>\u00a0<strong>1<\/strong>\u00a0<strong>vnt.<\/strong>\u00a0baltymas &#8211; glajui<\/li>\n<\/ul>\n<p>&nbsp;<\/p>\n<ul>\n<li><a href=\"https:\/\/www.15min.lt\/gyvenimas\/receptai\/ingredientas\/citrinos-67\">Citrinos<\/a>\u00a0<strong>1<\/strong>\u00a0<strong>vnt.<\/strong>\u00a0sul\u010di\u0173 &#8211; glajui<\/li>\n<\/ul>\n<p>&nbsp;<\/p>\n<ul>\n<li><a href=\"https:\/\/www.15min.lt\/gyvenimas\/receptai\/ingredientas\/miltelinis-cukrus-274\">Miltelinis cukrus<\/a>\u00a0<strong>1<\/strong>\u00a0<strong>puodelis<\/strong>\u00a0glajui<\/li>\n<\/ul>\n<p>&nbsp;<\/p>\n<p><strong>KAIP GAMINTI<\/strong><\/p>\n<ol>\n<li>Sviest\u0105, pien\u0105, med\u0173 ir cukr\u0173 d\u0117kite \u012f puod\u0105 ir visk\u0105 i\u0161tirpinkite, kai viskas i\u0161tirpsta sud\u0117kite prieskonius, kartais pamai\u0161ydami virkite ant silpnos ugnies 5 minutes.<\/li>\n<li>Miltus persijokite su kepimo milteliais ir \u012f juos supylus truput\u012f atv\u0117sint\u0105 sirup\u0105 gerai i\u0161mai\u0161ykite ir suminkykite.<\/li>\n<li>Vis\u0105 te\u0161l\u0105 sulipinkite \u012f vien\u0105 gumul\u0105 ir bent 1-2 val ( geriau per nakt\u012f) d\u0117kite \u012f \u0161aldytuv\u0105. Padalinus te\u0161l\u0105 \u012f kelias dalis ko\u010diokite kuo plonesnius blynus ir sausaini\u0173 formel\u0117mis spauskite norimus sausainius, pla\u010diu peiliu arba mentele atsargiai perkelkite ant skardos, i\u0161tiestos\u00a0 kepimo popieriumi, kepkite apie 12-15 min 180 laipsni\u0173 orkait\u0117je.<\/li>\n<li><strong>Gaminame glaj\u0173:<\/strong> Kiau\u0161inio tryn\u012f atskirkite nuo baltymo.<\/li>\n<li>Baltym\u0105 lengvai suplakite, i\u0161spauskite citrinos sul\u010di\u0173 ir po truputi plakant palaipsniui d\u0117kite miltelin\u012f cukr\u0173, kol glajus bus reikiamo tir\u0161tumo.<\/li>\n<li>D\u0117kite \u012f nedidel\u012f mai\u0161el\u012f prakirpkite jo kampuk\u0105, dekoruokite i\u0161kepusius ir atv\u0117susius sausainius<\/li>\n<li>Skanaus!<\/li>\n<\/ol>\n<p>Smagus laikas su \u0161eima dekoruojant sausainukus<\/p>\n<p>&nbsp;<\/p>\n<p>&nbsp;<\/p>\n","protected":false},"excerpt":{"rendered":"<p>Sausaini\u0173 formel\u0117s pagamintos i\u0161 kokybi\u0161ko 0,4 mm \u0161vedi\u0161ko ner\u016bdijan\u010dio plieno.<\/p>\n<p>A\u0161tri briauna i\u0161liks vis\u0105 formel\u0117s tarnavimo laik\u0105.<\/p>\n<p><img loading=\"lazy\" decoding=\"async\" class=\"wp-image-1280 alignright\" src=\"https:\/\/www.stakles.eu\/wp-content\/uploads\/2025\/08\/3_11zon.jpg\" alt=\"\" width=\"70\" height=\"70\" srcset=\"https:\/\/www.stakles.eu\/wp-content\/uploads\/2025\/08\/3_11zon.jpg 200w, https:\/\/www.stakles.eu\/wp-content\/uploads\/2025\/08\/3_11zon-100x100.jpg 100w, https:\/\/www.stakles.eu\/wp-content\/uploads\/2025\/08\/3_11zon-150x150.jpg 150w\" sizes=\"(max-width: 70px) 100vw, 70px\" \/><\/p>\n<p>\u0160i ner\u016bdijan\u010dio plieno sausaini\u0173 forma pravers kiekvienam, kuris m\u0117gsta kepti.<\/p>\n<p>&nbsp;<\/p>\n<p><img loading=\"lazy\" decoding=\"async\" class=\" wp-image-1279 alignright\" src=\"https:\/\/www.stakles.eu\/wp-content\/uploads\/2025\/08\/2_11zon.jpg\" alt=\"\" width=\"58\" height=\"58\" srcset=\"https:\/\/www.stakles.eu\/wp-content\/uploads\/2025\/08\/2_11zon.jpg 200w, https:\/\/www.stakles.eu\/wp-content\/uploads\/2025\/08\/2_11zon-100x100.jpg 100w, https:\/\/www.stakles.eu\/wp-content\/uploads\/2025\/08\/2_11zon-150x150.jpg 150w\" sizes=\"(max-width: 58px) 100vw, 58px\" \/><\/p>\n<p><img loading=\"lazy\" decoding=\"async\" class=\"alignright wp-image-1278\" src=\"https:\/\/www.stakles.eu\/wp-content\/uploads\/2025\/08\/1_11zon.jpg\" alt=\"Sausainiu, formel\u0117s. kepimo, meduoliai,\" width=\"72\" height=\"72\" srcset=\"https:\/\/www.stakles.eu\/wp-content\/uploads\/2025\/08\/1_11zon.jpg 200w, https:\/\/www.stakles.eu\/wp-content\/uploads\/2025\/08\/1_11zon-100x100.jpg 100w, https:\/\/www.stakles.eu\/wp-content\/uploads\/2025\/08\/1_11zon-150x150.jpg 150w\" sizes=\"(max-width: 72px) 100vw, 72px\" \/><\/p>\n<p>&nbsp;<\/p>\n<p>&nbsp;<\/p>\n","protected":false},"featured_media":1293,"comment_status":"open","ping_status":"closed","template":"","meta":[],"product_brand":[],"product_cat":[44,28,85],"product_tag":[45],"class_list":{"0":"post-22","1":"product","2":"type-product","3":"status-publish","4":"has-post-thumbnail","6":"product_cat-sausainiu-formeles","7":"product_cat-sausainiu-formeles-2","8":"product_cat-stakles-irengimai-stakles-irengimai","9":"product_tag-formeles","11":"first","12":"instock","13":"shipping-taxable","14":"purchasable","15":"product-type-simple","16":"add-to-wishlist-after_add_to_cart"},"_links":{"self":[{"href":"https:\/\/www.stakles.eu\/index.php?rest_route=\/wp\/v2\/product\/22","targetHints":{"allow":["GET"]}}],"collection":[{"href":"https:\/\/www.stakles.eu\/index.php?rest_route=\/wp\/v2\/product"}],"about":[{"href":"https:\/\/www.stakles.eu\/index.php?rest_route=\/wp\/v2\/types\/product"}],"replies":[{"embeddable":true,"href":"https:\/\/www.stakles.eu\/index.php?rest_route=%2Fwp%2Fv2%2Fcomments&post=22"}],"wp:featuredmedia":[{"embeddable":true,"href":"https:\/\/www.stakles.eu\/index.php?rest_route=\/wp\/v2\/media\/1293"}],"wp:attachment":[{"href":"https:\/\/www.stakles.eu\/index.php?rest_route=%2Fwp%2Fv2%2Fmedia&parent=22"}],"wp:term":[{"taxonomy":"product_brand","embeddable":true,"href":"https:\/\/www.stakles.eu\/index.php?rest_route=%2Fwp%2Fv2%2Fproduct_brand&post=22"},{"taxonomy":"product_cat","embeddable":true,"href":"https:\/\/www.stakles.eu\/index.php?rest_route=%2Fwp%2Fv2%2Fproduct_cat&post=22"},{"taxonomy":"product_tag","embeddable":true,"href":"https:\/\/www.stakles.eu\/index.php?rest_route=%2Fwp%2Fv2%2Fproduct_tag&post=22"}],"curies":[{"name":"wp","href":"https:\/\/api.w.org\/{rel}","templated":true}]}}