{"id":2019,"date":"2025-11-26T09:01:15","date_gmt":"2025-11-26T09:01:15","guid":{"rendered":"https:\/\/www.stakles.eu\/?post_type=product&#038;p=2019"},"modified":"2026-01-04T15:43:47","modified_gmt":"2026-01-04T13:43:47","slug":"metalo-pjovimo-stakles-kaltenbach-rk-automat","status":"publish","type":"product","link":"https:\/\/www.stakles.eu\/?product=metalo-pjovimo-stakles-kaltenbach-rk-automat","title":{"rendered":"Metalo pjovimo stakl\u0117s Kaltenbach RK automat"},"content":{"rendered":"<p>Metalo pjovimo stakl\u0117s Kaltenbach RK automat<\/p>\n<p>Hydraulin\u0117 stotel\u0117<br \/>\nSvoris apie 1200 kg<br \/>\nTuriu 10 met\u0173, bet nebuvau \u012fjung\u0119s.<br \/>\nkai pirkau sak\u0117, kad programavimas neveikia, reikia perdaryti valdym\u0105.<\/p>\n","protected":false},"excerpt":{"rendered":"<p>Metalo pjovimo stakl\u0117s Kaltenbach RK automat<\/p>\n<p>Pjovimo diskas, hydraulika<\/p>\n","protected":false},"featured_media":2036,"comment_status":"open","ping_status":"closed","template":"","meta":[],"product_brand":[],"product_cat":[85],"product_tag":[95,93,94],"class_list":{"0":"post-2019","1":"product","2":"type-product","3":"status-publish","4":"has-post-thumbnail","6":"product_cat-stakles-irengimai-stakles-irengimai","7":"product_tag-metalo","8":"product_tag-metalo-pjovimo","9":"product_tag-pjovimo","11":"first","12":"instock","13":"shipping-taxable","14":"purchasable","15":"product-type-simple","16":"add-to-wishlist-after_add_to_cart"},"_links":{"self":[{"href":"https:\/\/www.stakles.eu\/index.php?rest_route=\/wp\/v2\/product\/2019","targetHints":{"allow":["GET"]}}],"collection":[{"href":"https:\/\/www.stakles.eu\/index.php?rest_route=\/wp\/v2\/product"}],"about":[{"href":"https:\/\/www.stakles.eu\/index.php?rest_route=\/wp\/v2\/types\/product"}],"replies":[{"embeddable":true,"href":"https:\/\/www.stakles.eu\/index.php?rest_route=%2Fwp%2Fv2%2Fcomments&post=2019"}],"wp:featuredmedia":[{"embeddable":true,"href":"https:\/\/www.stakles.eu\/index.php?rest_route=\/wp\/v2\/media\/2036"}],"wp:attachment":[{"href":"https:\/\/www.stakles.eu\/index.php?rest_route=%2Fwp%2Fv2%2Fmedia&parent=2019"}],"wp:term":[{"taxonomy":"product_brand","embeddable":true,"href":"https:\/\/www.stakles.eu\/index.php?rest_route=%2Fwp%2Fv2%2Fproduct_brand&post=2019"},{"taxonomy":"product_cat","embeddable":true,"href":"https:\/\/www.stakles.eu\/index.php?rest_route=%2Fwp%2Fv2%2Fproduct_cat&post=2019"},{"taxonomy":"product_tag","embeddable":true,"href":"https:\/\/www.stakles.eu\/index.php?rest_route=%2Fwp%2Fv2%2Fproduct_tag&post=2019"}],"curies":[{"name":"wp","href":"https:\/\/api.w.org\/{rel}","templated":true}]}}