{"id":2018,"date":"2025-11-26T08:56:34","date_gmt":"2025-11-26T08:56:34","guid":{"rendered":"https:\/\/www.stakles.eu\/?post_type=product&#038;p=2018"},"modified":"2026-01-04T15:44:27","modified_gmt":"2026-01-04T13:44:27","slug":"metalo-strypu-galu-apdirbimas","status":"publish","type":"product","link":"https:\/\/www.stakles.eu\/?product=metalo-strypu-galu-apdirbimas","title":{"rendered":"Metalo stryp\u0173 gal\u0173 apdirbimas"},"content":{"rendered":"<p>Stakl\u0117s buvo naudojamos vamzdeli\u0173 gal\u0173 apdirbimui<\/p>\n<p>Buvo automatin\u0117s,<\/p>\n<p>Parduodu u\u017e metalo kain\u0105 x 2<\/p>\n<p>Svoris apie 1000 kg<\/p>\n","protected":false},"excerpt":{"rendered":"<p>Parduodu u\u017e metalo kain\u0105 x 2<\/p>\n","protected":false},"featured_media":1888,"comment_status":"open","ping_status":"closed","template":"","meta":[],"product_brand":[],"product_cat":[23],"product_tag":[95,53],"class_list":{"0":"post-2018","1":"product","2":"type-product","3":"status-publish","4":"has-post-thumbnail","6":"product_cat-stakles-irengimai","7":"product_tag-metalo","8":"product_tag-stakles","10":"first","11":"instock","12":"shipping-taxable","13":"purchasable","14":"product-type-simple","15":"add-to-wishlist-after_add_to_cart"},"_links":{"self":[{"href":"https:\/\/www.stakles.eu\/index.php?rest_route=\/wp\/v2\/product\/2018","targetHints":{"allow":["GET"]}}],"collection":[{"href":"https:\/\/www.stakles.eu\/index.php?rest_route=\/wp\/v2\/product"}],"about":[{"href":"https:\/\/www.stakles.eu\/index.php?rest_route=\/wp\/v2\/types\/product"}],"replies":[{"embeddable":true,"href":"https:\/\/www.stakles.eu\/index.php?rest_route=%2Fwp%2Fv2%2Fcomments&post=2018"}],"wp:featuredmedia":[{"embeddable":true,"href":"https:\/\/www.stakles.eu\/index.php?rest_route=\/wp\/v2\/media\/1888"}],"wp:attachment":[{"href":"https:\/\/www.stakles.eu\/index.php?rest_route=%2Fwp%2Fv2%2Fmedia&parent=2018"}],"wp:term":[{"taxonomy":"product_brand","embeddable":true,"href":"https:\/\/www.stakles.eu\/index.php?rest_route=%2Fwp%2Fv2%2Fproduct_brand&post=2018"},{"taxonomy":"product_cat","embeddable":true,"href":"https:\/\/www.stakles.eu\/index.php?rest_route=%2Fwp%2Fv2%2Fproduct_cat&post=2018"},{"taxonomy":"product_tag","embeddable":true,"href":"https:\/\/www.stakles.eu\/index.php?rest_route=%2Fwp%2Fv2%2Fproduct_tag&post=2018"}],"curies":[{"name":"wp","href":"https:\/\/api.w.org\/{rel}","templated":true}]}}