{"id":19,"date":"2019-04-18T11:08:43","date_gmt":"2019-04-18T11:08:43","guid":{"rendered":"https:\/\/envothemes.com\/envo-ecommerce\/product\/import-placeholder-for-49\/"},"modified":"2026-01-04T15:50:28","modified_gmt":"2026-01-04T13:50:28","slug":"polo-t-shirt","status":"publish","type":"product","link":"https:\/\/www.stakles.eu\/?product=polo-t-shirt","title":{"rendered":"Gr\u0119\u017eimo stakl\u0117s su AYEN gr\u0119\u017eimo agregatais"},"content":{"rendered":"<p>Gr\u0119\u017eimo stakl\u0117s su AYEN gr\u0119\u017eimo agregatais.<\/p>\n<p>Gali b\u016bti trifaz\u0117s 380 v arba 220V<\/p>\n<p>Pneumatin\u0117s ir mechanin\u0117s<\/p>\n<p>&nbsp;<\/p>\n<p>&nbsp;<\/p>\n","protected":false},"excerpt":{"rendered":"<p>Gr\u0119\u017eimo stakl\u0117s su AYEN gr\u0119\u017eimo agregatais.<\/p>\n<p>Pneumatin\u0117s ir mechanin\u0117s<\/p>\n","protected":false},"featured_media":1807,"comment_status":"open","ping_status":"closed","template":"","meta":[],"product_brand":[],"product_cat":[85],"product_tag":[108,42,53],"class_list":{"0":"post-19","1":"product","2":"type-product","3":"status-publish","4":"has-post-thumbnail","6":"product_cat-stakles-irengimai-stakles-irengimai","7":"product_tag-ayen","8":"product_tag-grezimo","9":"product_tag-stakles","11":"first","12":"instock","13":"shipping-taxable","14":"purchasable","15":"product-type-simple","16":"add-to-wishlist-after_add_to_cart"},"_links":{"self":[{"href":"https:\/\/www.stakles.eu\/index.php?rest_route=\/wp\/v2\/product\/19","targetHints":{"allow":["GET"]}}],"collection":[{"href":"https:\/\/www.stakles.eu\/index.php?rest_route=\/wp\/v2\/product"}],"about":[{"href":"https:\/\/www.stakles.eu\/index.php?rest_route=\/wp\/v2\/types\/product"}],"replies":[{"embeddable":true,"href":"https:\/\/www.stakles.eu\/index.php?rest_route=%2Fwp%2Fv2%2Fcomments&post=19"}],"wp:featuredmedia":[{"embeddable":true,"href":"https:\/\/www.stakles.eu\/index.php?rest_route=\/wp\/v2\/media\/1807"}],"wp:attachment":[{"href":"https:\/\/www.stakles.eu\/index.php?rest_route=%2Fwp%2Fv2%2Fmedia&parent=19"}],"wp:term":[{"taxonomy":"product_brand","embeddable":true,"href":"https:\/\/www.stakles.eu\/index.php?rest_route=%2Fwp%2Fv2%2Fproduct_brand&post=19"},{"taxonomy":"product_cat","embeddable":true,"href":"https:\/\/www.stakles.eu\/index.php?rest_route=%2Fwp%2Fv2%2Fproduct_cat&post=19"},{"taxonomy":"product_tag","embeddable":true,"href":"https:\/\/www.stakles.eu\/index.php?rest_route=%2Fwp%2Fv2%2Fproduct_tag&post=19"}],"curies":[{"name":"wp","href":"https:\/\/api.w.org\/{rel}","templated":true}]}}