{"id":1403,"date":"2019-04-18T11:08:43","date_gmt":"2019-04-18T11:08:43","guid":{"rendered":"https:\/\/envothemes.com\/envo-ecommerce\/product\/import-placeholder-for-59\/"},"modified":"2026-01-04T15:47:54","modified_gmt":"2026-01-04T13:47:54","slug":"bikini-2","status":"publish","type":"product","link":"https:\/\/www.stakles.eu\/?product=bikini-2","title":{"rendered":"Frezavimo kopijavimo stakl\u0117s :Copy router MLA A20"},"content":{"rendered":"<p>Frezavimo kopijavimo stakl\u0117s<br \/>\nCopy router MLA A20<br \/>\nMetalas, aliuminis, plastikas, medis<br \/>\nPu\u010dia au\u0161inimui skyst\u012f arba tik or\u0105<br \/>\n1,1kw trifazis<br \/>\n12000 aps\/min<br \/>\nPrailginimo stalas su prispaudimu ir matuokl\u0119<br \/>\nKaip veikia galite pa\u017ei\u016br\u0117ti video \u010dia:<\/p>\n<p><iframe title=\"MLA A20 copy router\" width=\"800\" height=\"450\" src=\"https:\/\/www.youtube.com\/embed\/EVeRFQwSwi4?feature=oembed\" frameborder=\"0\" allow=\"accelerometer; autoplay; clipboard-write; encrypted-media; gyroscope; picture-in-picture; web-share\" referrerpolicy=\"strict-origin-when-cross-origin\" allowfullscreen><\/iframe><\/p>\n<p><iframe title=\"Copy router MLA A20\" width=\"800\" height=\"450\" src=\"https:\/\/www.youtube.com\/embed\/J4c1wYv_6fw?feature=oembed\" frameborder=\"0\" allow=\"accelerometer; autoplay; clipboard-write; encrypted-media; gyroscope; picture-in-picture; web-share\" referrerpolicy=\"strict-origin-when-cross-origin\" allowfullscreen><\/iframe><\/p>\n","protected":false},"excerpt":{"rendered":"<p>Frezavimo kopijavimo stakl\u0117s<br \/>\nCopy router MLA A20l<\/p>\n","protected":false},"featured_media":1790,"comment_status":"open","ping_status":"closed","template":"","meta":[],"product_brand":[],"product_cat":[85],"product_tag":[56,105,58,53],"class_list":{"0":"post-1403","1":"product","2":"type-product","3":"status-publish","4":"has-post-thumbnail","6":"product_cat-stakles-irengimai-stakles-irengimai","7":"product_tag-frezavimo","8":"product_tag-kopijavimo","9":"product_tag-mla-a20","10":"product_tag-stakles","12":"first","13":"instock","14":"sale","15":"shipping-taxable","16":"purchasable","17":"product-type-simple","18":"add-to-wishlist-after_add_to_cart"},"_links":{"self":[{"href":"https:\/\/www.stakles.eu\/index.php?rest_route=\/wp\/v2\/product\/1403","targetHints":{"allow":["GET"]}}],"collection":[{"href":"https:\/\/www.stakles.eu\/index.php?rest_route=\/wp\/v2\/product"}],"about":[{"href":"https:\/\/www.stakles.eu\/index.php?rest_route=\/wp\/v2\/types\/product"}],"replies":[{"embeddable":true,"href":"https:\/\/www.stakles.eu\/index.php?rest_route=%2Fwp%2Fv2%2Fcomments&post=1403"}],"wp:featuredmedia":[{"embeddable":true,"href":"https:\/\/www.stakles.eu\/index.php?rest_route=\/wp\/v2\/media\/1790"}],"wp:attachment":[{"href":"https:\/\/www.stakles.eu\/index.php?rest_route=%2Fwp%2Fv2%2Fmedia&parent=1403"}],"wp:term":[{"taxonomy":"product_brand","embeddable":true,"href":"https:\/\/www.stakles.eu\/index.php?rest_route=%2Fwp%2Fv2%2Fproduct_brand&post=1403"},{"taxonomy":"product_cat","embeddable":true,"href":"https:\/\/www.stakles.eu\/index.php?rest_route=%2Fwp%2Fv2%2Fproduct_cat&post=1403"},{"taxonomy":"product_tag","embeddable":true,"href":"https:\/\/www.stakles.eu\/index.php?rest_route=%2Fwp%2Fv2%2Fproduct_tag&post=1403"}],"curies":[{"name":"wp","href":"https:\/\/api.w.org\/{rel}","templated":true}]}}